{"id":71,"date":"2020-01-27T08:15:05","date_gmt":"2020-01-27T08:15:05","guid":{"rendered":"https:\/\/demosites.io\/web-agency-gb\/?page_id=71"},"modified":"2024-03-03T13:42:00","modified_gmt":"2024-03-03T12:42:00","slug":"15c42-web-agency-gb-portfolio-single","status":"publish","type":"page","link":"https:\/\/terazpabianice.org\/?page_id=71","title":{"rendered":"Wst\u0119pniak"},"content":{"rendered":"\n<div class=\"wp-block-cover alignfull\" style=\"min-height:320px;aspect-ratio:unset;\"><span aria-hidden=\"true\" class=\"wp-block-cover__background has-nv-site-bg-background-color has-background-dim-100 has-background-dim\"><\/span><div class=\"wp-block-cover__inner-container is-layout-flow wp-block-cover-is-layout-flow\">\n<div class=\"wp-block-group\"><div class=\"wp-block-group__inner-container is-layout-flow wp-block-group-is-layout-flow\">\n<div class=\"wp-block-columns are-vertically-aligned-center is-layout-flex wp-container-core-columns-is-layout-9d6595d7 wp-block-columns-is-layout-flex\">\n<div class=\"wp-block-column is-vertically-aligned-center is-layout-flow wp-block-column-is-layout-flow\" style=\"flex-basis:70%\">\n<h1 class=\"wp-block-heading has-text-align-left has-neve-text-color-color has-text-color\">czyli programu zarys<\/h1>\n\n\n\n<p class=\"has-neve-text-color-color has-text-color\" style=\"font-size:22px\">przez os\u00f3b kilka spisany.<\/p>\n<\/div>\n\n\n\n<div class=\"wp-block-column is-vertically-aligned-center is-layout-flow wp-block-column-is-layout-flow\" style=\"flex-basis:30%\"><\/div>\n<\/div>\n<\/div><\/div>\n<\/div><\/div>\n\n\n\n<div class=\"wp-block-cover alignfull\" style=\"min-height:600px;aspect-ratio:unset;\"><span aria-hidden=\"true\" class=\"wp-block-cover__background has-nv-light-bg-background-color has-background-dim-100 has-background-dim\"><\/span><div class=\"wp-block-cover__inner-container is-layout-flow wp-block-cover-is-layout-flow\">\n<div class=\"wp-block-group\"><div class=\"wp-block-group__inner-container is-layout-flow wp-block-group-is-layout-flow\">\n<div style=\"height:80px\" aria-hidden=\"true\" class=\"wp-block-spacer\"><\/div>\n\n\n\n<div class=\"wp-block-columns is-layout-flex wp-container-core-columns-is-layout-9d6595d7 wp-block-columns-is-layout-flex\">\n<div class=\"wp-block-column is-layout-flow wp-block-column-is-layout-flow\" style=\"flex-basis:66.79%\">\n<div style=\"height:40px\" aria-hidden=\"true\" class=\"wp-block-spacer\"><\/div>\n\n\n\n<figure class=\"wp-block-image size-large\"><img loading=\"lazy\" decoding=\"async\" width=\"1024\" height=\"682\" src=\"https:\/\/terazpabianice.org\/wp-content\/uploads\/2024\/02\/computer-901857_1280-1024x682.jpg\" alt=\"\" class=\"wp-image-420\" srcset=\"https:\/\/terazpabianice.org\/wp-content\/uploads\/2024\/02\/computer-901857_1280-1024x682.jpg 1024w, https:\/\/terazpabianice.org\/wp-content\/uploads\/2024\/02\/computer-901857_1280-300x200.jpg 300w, https:\/\/terazpabianice.org\/wp-content\/uploads\/2024\/02\/computer-901857_1280-768x512.jpg 768w, https:\/\/terazpabianice.org\/wp-content\/uploads\/2024\/02\/computer-901857_1280-930x620.jpg 930w, https:\/\/terazpabianice.org\/wp-content\/uploads\/2024\/02\/computer-901857_1280.jpg 1280w\" sizes=\"auto, (max-width: 1024px) 100vw, 1024px\" \/><\/figure>\n<\/div>\n\n\n\n<div class=\"wp-block-column is-layout-flow wp-block-column-is-layout-flow\" style=\"flex-basis:34%\">\n<p class=\"has-neve-text-color-color has-text-color\">Polsk\u0119 od blisko dw\u00f3ch dekad trawi ja\u0142owy sp\u00f3r. Jego ja\u0142owo\u015b\u0107 najsilniej wida\u0107 w samorz\u0105dach. Polityk\u00f3w lokalnych coraz rzadziej rozlicza si\u0119 z konkretnych efekt\u00f3w ich pracy, z poszanowania demokratycznych standard\u00f3w, czy udanych pomys\u0142\u00f3w. Cz\u0119\u015bciej ich ocena zale\u017cy od tego, czy pasuj\u0105 do bipolarnego \u015bwiata zarysowanego przez Platform\u0119 Obywatelsk\u0105 oraz Prawo i Sprawiedliwo\u015b\u0107. U\u017cywa si\u0119 szanta\u017cu \u201ejak my nie wygramy, to przyjd\u0105 tamci\u201d, kt\u00f3ry zamyka wszelk\u0105 dyskusj\u0119. W ten spos\u00f3b realne problemy schodz\u0105 na dalszy plan..<\/p>\n\n\n\n<div class=\"wp-block-buttons is-layout-flex wp-block-buttons-is-layout-flex\">\n<div class=\"wp-block-button is-style-primary\"><a class=\"wp-block-button__link wp-element-button\">VISIT WEBSITE<\/a><\/div>\n<\/div>\n\n\n\n<hr class=\"wp-block-separator has-text-color has-neve-text-color-color has-css-opacity has-neve-text-color-background-color has-background is-style-default\"\/>\n\n\n\n<figure class=\"wp-block-image size-full is-resized is-style-rounded\"><img loading=\"lazy\" decoding=\"async\" width=\"500\" height=\"500\" src=\"https:\/\/terazpabianice.org\/wp-content\/uploads\/2024\/02\/kamil.jpg\" alt=\"\" class=\"wp-image-426\" style=\"width:80px;height:80px\" srcset=\"https:\/\/terazpabianice.org\/wp-content\/uploads\/2024\/02\/kamil.jpg 500w, https:\/\/terazpabianice.org\/wp-content\/uploads\/2024\/02\/kamil-300x300.jpg 300w, https:\/\/terazpabianice.org\/wp-content\/uploads\/2024\/02\/kamil-150x150.jpg 150w\" sizes=\"auto, (max-width: 500px) 100vw, 500px\" \/><\/figure>\n\n\n\n<div style=\"height:24px\" aria-hidden=\"true\" class=\"wp-block-spacer\"><\/div>\n\n\n\n<p class=\"has-neve-text-color-color has-text-color\">Zdj\u0119cie z Pixabay<\/p>\n\n\n\n<p class=\"has-neve-text-color-color has-text-color\">autor: <\/p>\n<\/div>\n<\/div>\n\n\n\n<div style=\"height:40px\" aria-hidden=\"true\" class=\"wp-block-spacer\"><\/div>\n<\/div><\/div>\n<\/div><\/div>\n\n\n\n<div class=\"wp-block-cover alignfull\" style=\"min-height:823px;aspect-ratio:unset;\"><span aria-hidden=\"true\" class=\"wp-block-cover__background has-nv-site-bg-background-color has-background-dim-100 has-background-dim\"><\/span><div class=\"wp-block-cover__inner-container is-layout-flow wp-block-cover-is-layout-flow\">\n<div class=\"wp-block-group\"><div class=\"wp-block-group__inner-container is-layout-flow wp-block-group-is-layout-flow\">\n<div style=\"height:80px\" aria-hidden=\"true\" class=\"wp-block-spacer\"><\/div>\n\n\n\n<h2 class=\"wp-block-heading has-neve-text-color-color has-text-color\">Other projects<\/h2>\n\n\n\n<div style=\"height:20px\" aria-hidden=\"true\" class=\"wp-block-spacer\"><\/div>\n\n\n\n<div class=\"wp-block-columns are-vertically-aligned-center is-layout-flex wp-container-core-columns-is-layout-9d6595d7 wp-block-columns-is-layout-flex\">\n<div class=\"wp-block-column is-vertically-aligned-center is-layout-flow wp-block-column-is-layout-flow\" style=\"flex-basis:70%\">\n<figure class=\"wp-block-image size-large is-resized\"><img loading=\"lazy\" decoding=\"async\" width=\"1024\" height=\"575\" src=\"https:\/\/terazpabianice.org\/wp-content\/uploads\/2024\/02\/blok-Alexander-Igrevsky-1024x575.jpeg\" alt=\"\" class=\"wp-image-434\" style=\"width:526px;height:auto\" srcset=\"https:\/\/terazpabianice.org\/wp-content\/uploads\/2024\/02\/blok-Alexander-Igrevsky-1024x575.jpeg 1024w, https:\/\/terazpabianice.org\/wp-content\/uploads\/2024\/02\/blok-Alexander-Igrevsky-300x169.jpeg 300w, https:\/\/terazpabianice.org\/wp-content\/uploads\/2024\/02\/blok-Alexander-Igrevsky-768x432.jpeg 768w, https:\/\/terazpabianice.org\/wp-content\/uploads\/2024\/02\/blok-Alexander-Igrevsky.jpeg 1260w\" sizes=\"auto, (max-width: 1024px) 100vw, 1024px\" \/><\/figure>\n\n\n\n<div style=\"height:40px\" aria-hidden=\"true\" class=\"wp-block-spacer\"><\/div>\n<\/div>\n\n\n\n<div class=\"wp-block-column is-vertically-aligned-center is-layout-flow wp-block-column-is-layout-flow\" style=\"flex-basis:30%\">\n<figure class=\"wp-block-image size-full is-resized\"><img loading=\"lazy\" decoding=\"async\" width=\"500\" height=\"750\" src=\"https:\/\/terazpabianice.org\/wp-content\/uploads\/2024\/02\/drzewa-Peter-Avramoski.jpeg\" alt=\"\" class=\"wp-image-435\" style=\"width:281px;height:auto\" srcset=\"https:\/\/terazpabianice.org\/wp-content\/uploads\/2024\/02\/drzewa-Peter-Avramoski.jpeg 500w, https:\/\/terazpabianice.org\/wp-content\/uploads\/2024\/02\/drzewa-Peter-Avramoski-200x300.jpeg 200w\" sizes=\"auto, (max-width: 500px) 100vw, 500px\" \/><\/figure>\n\n\n\n<div style=\"height:40px\" aria-hidden=\"true\" class=\"wp-block-spacer\"><\/div>\n<\/div>\n<\/div>\n\n\n\n<div style=\"height:40px\" aria-hidden=\"true\" class=\"wp-block-spacer\"><\/div>\n<\/div><\/div>\n<\/div><\/div>\n\n\n\n<p><br>Dlatego powo\u0142ali\u015bmy ruch Teraz Pabianice, tworzony przez ludzi, w kt\u00f3rych istnieje g\u0142\u0119boka niezgoda na podzia\u0142 \u015bwiata w kategoriach czerni i bieli, kt\u00f3rzy m\u00f3wi\u0105 \u201esprawdzam\u201d rz\u0105dz\u0105cym niezale\u017cnie od tego, jacy politycy za nimi stoj\u0105, kt\u00f3rzy czuj\u0105 si\u0119 demokratami, bo \u017c\u0105daj\u0105, aby regu\u0142y demokracji by\u0142y wymagane od ka\u017cdego, kto po w\u0142adz\u0119 si\u0119ga. Tylko w\u0142adza, kt\u00f3ra si\u0119 boi kontroli, jest w\u0142adz\u0105, kt\u00f3rej nie ogarnie pokusa lekcewa\u017cenia wyborc\u00f3w lub mamienia ich prostymi emocjami.<\/p>\n\n\n\n<p>Wybory to czas, w kt\u00f3rym przedstawiane s\u0105 r\u00f3\u017cne wizje miasta. Od Pa\u0144stwa g\u0142os\u00f3w zale\u017cy, czy b\u0119dzie nam dana szansa na zrealizowanie naszych bardzo ambitnych pomys\u0142\u00f3w.<\/p>\n\n\n\n<p>Wed\u0142ug wizji stowarzyszenia, \u015bredniej wielko\u015bci miasto w \u015brodku Europy za 20 lat powinno by\u0107 miejscem, gdzie nowoczesno\u015b\u0107 \u0142\u0105czy si\u0119 z tradycj\u0105, a rozw\u00f3j technologiczny wsp\u00f3\u0142gra z dba\u0142o\u015bci\u0105 o \u015brodowisko naturalne i jako\u015b\u0107 \u017cycia mieszka\u0144c\u00f3w. Chcemy fajnego miasta. Kluczowe sprawy, o kt\u00f3re chcemy zadba\u0107, przedstawiamy w kilku punktach. Mam nadziej\u0119, \u017ce z pomoc\u0105 Pabianiczan przyb\u0119dzie jeszcze postulat\u00f3w.<\/p>\n\n\n\n<p>1. Zr\u00f3wnowa\u017cony rozw\u00f3j \u2013 zielona energia, efektywno\u015b\u0107 energetyczna budynk\u00f3w, promowanie lokalnych \u017ar\u00f3de\u0142 energii. Wa\u017cne b\u0119dzie r\u00f3wnie\u017c zachowanie teren\u00f3w zielonych i rozw\u00f3j przestrzeni publicznych, kt\u00f3re sprzyjaj\u0105 rekreacji i odpoczynkowi mieszka\u0144c\u00f3w. Pieni\u0105dze nie wydane na w\u0119giel czy pr\u0105d, to pieni\u0105dze pozostawione w prywatnych kieszeniach i wydane np. w lokalnych sklepach i firmach.<\/p>\n\n\n\n<p>2. Mobilno\u015b\u0107 miejska \u2013 rozw\u00f3j system\u00f3w komunikacji publicznej przyjaznej dla \u015brodowiska, ale te\u017c przyjaznej dla os\u00f3b starszych czy w\u00f3zk\u00f3w dzieci\u0119cych \u2013 je\u015bli tramwaje, to niskopod\u0142ogowe. Rozw\u00f3j infrastruktury wspieraj\u0105cej ruch rowerowy i pieszy to zmniejszanie zanieczyszczenia powietrza i mniej ha\u0142asu, w wyniku czego jako\u015b\u0107 \u017cycia si\u0119 poprawia.<\/p>\n\n\n\n<p>3. Edukacja \u2013 inwestycje w o\u015bwiat\u0119 i wsp\u00f3\u0142praca z \u0142\u00f3dzkimi uczelniami. Szko\u0142y podstawowe musz\u0105 by\u0107 nowoczesne, przyjazne i posiada\u0107 ciekawie ukierunkowane klasy. B\u0119dziemy d\u0105\u017cy\u0107 do powstania pabianickiego SMS \u2013 szko\u0142y mistrzostwa sportowego.<\/p>\n\n\n\n<p>4. Kultura i dziedzictwo \u2013 kultura w dotychczasowych kampaniach by\u0142a ignorowana. Tymczasem to jedno z najwa\u017cniejszych wyzwa\u0144 samorz\u0105du. Chcemy kultury dost\u0119pnej i obecnej w \u017cyciu mieszka\u0144c\u00f3w, takiej, kt\u00f3ra b\u0119dzie s\u0142u\u017cy\u0107 sp\u0119dzaniu wolnego czasu, inspirowa\u0107 i wi\u0105za\u0107 z lokalnym \u015brodowiskiem. Chcemy, aby Pabianiczanie czerpali z bogactwa lokalnej historii i tradycji, czuli si\u0119 dumni ze swojej przesz\u0142o\u015bci, jednocze\u015bnie wi\u0105\u017c\u0105c z Pabianicami swoj\u0105 przysz\u0142o\u015b\u0107. Chcemy, aby instytucje miejskie odpowiedzialne za kultur\u0119 nie by\u0142y pozorne, ale dzia\u0142a\u0142y aktywnie i zgodnie z funkcjami, do jakich zosta\u0142y powo\u0142ane. Chcemy, aby w\u0142adze publiczne nie dezerterowa\u0142y od odpowiedzialno\u015bci za edukacj\u0119 kulturaln\u0105 i zapewnienia dost\u0119pu do kultury wysokiej jako\u015bci. Dlatego niezb\u0119dne jest zwi\u0119kszenie wydatk\u00f3w na kultur\u0119 poprzez pozyskiwanie dotacji z ministerstwa kultury, zapewnienie finansowania wk\u0142ad\u00f3w w\u0142asnych oraz powo\u0142anie pe\u0142nomocnika ds. kultury i promocji, kt\u00f3ry skoordynuje dzia\u0142ania miejskich instytucji. Wydarzenia kulturalne musz\u0105 za\u015b wyj\u015b\u0107 z centrum do innych dzielnic Pabianic. Chcemy zatem stworzy\u0107 Przestrzenie Kultury w lokalnych parkach i terenach zielonych, aby natura \u0142\u0105czy\u0142a si\u0119 nieszkodz\u0105c\u0105 przyrodzie aktywno\u015bci\u0105 i do\u015bwiadczaniem pi\u0119kna. Pragniemy, aby przesz\u0142o\u015b\u0107 by\u0142a inspiracj\u0105, a miasto aktywnie prezentowa\u0142o mieszka\u0144com nasz\u0105 wsp\u00f3ln\u0105 histori\u0119, buduj\u0105c to\u017csamo\u015b\u0107. <\/p>\n\n\n\n<p>5. Integracja spo\u0142eczna \u2013 tworzenie przestrzeni publicznych, kt\u00f3re sprzyjaj\u0105 wsp\u00f3lnej zabawie i sp\u0119dzaniu czasu wolnego z dzie\u0107mi, znajomymi, przyjaci\u00f3\u0142mi. Jest to kluczowe dla budowania silnej i zintegrowanej spo\u0142eczno\u015bci. To oznacza place zabaw lub rowerowe tory przeszk\u00f3d, miejsca na grilla, psi plac zabaw, gdzie m\u0142odzie\u017c szkoli swoich pupili, basen z saunarium \u2013 zwyk\u0142e miejsca, gdzie mo\u017cna mi\u0142o sp\u0119dzi\u0107 czas i gdzie rodz\u0105 si\u0119 nowe znajomo\u015bci, przyja\u017anie, a tak\u017ce naprawd\u0119 zaskakuj\u0105co tw\u00f3rcze pomys\u0142y na wsp\u00f3ln\u0105 przysz\u0142o\u015b\u0107.<\/p>\n\n\n\n<p>6. Zarz\u0105dzanie odpadami i recykling \u2013 nowoczesne systemy zarz\u0105dzania odpadami, kt\u00f3re promuj\u0105 segregacj\u0119 i recykling, s\u0105 niezb\u0119dne dla ochrony \u015brodowiska i zr\u00f3wnowa\u017conego rozwoju miasta. Corocznie podnoszone s\u0105 ceny op\u0142at za odpady. Nie radzimy sobie z tym problemem, podobnie jak wi\u0119kszo\u015b\u0107 miast w Polsce. Jednocze\u015bnie w unijnym bud\u017cecie wojew\u00f3dztwa \u0142\u00f3dzkiego planowane s\u0105 miliardy z\u0142otych na rozw\u00f3j ich zagospodarowania. Spr\u00f3bujemy uruchomi\u0107 miejsk\u0105 sp\u00f3\u0142k\u0119, kt\u00f3ra si\u0119gaj\u0105c po dotacje i do\u015bwiadczenie Pabianiczan, we wsp\u00f3\u0142pracy ze specjalistami z Politechniki \u0141\u00f3dzkiej i Uniwersytetu \u0141\u00f3dzkiego, opracuje ta\u0144szy i efektywniejszy spos\u00f3b segregacji i odbioru odpad\u00f3w, daj\u0105c przyk\u0142ad innym miastom. Kto\u015b to w Polsce musi zrobi\u0107, b\u0105d\u017amy znowu piersi i skorzystajmy z tego!<\/p>\n\n\n\n<p>7. Cyfryzacja us\u0142ug publicznych \u2013 u\u0142atwimy mieszka\u0144com dost\u0119p do administracji, zdrowia, edukacji czy kultury, co jest szczeg\u00f3lnie wa\u017cne w kontek\u015bcie rosn\u0105cych oczekiwa\u0144 wobec dost\u0119pno\u015bci i jako\u015bci tych us\u0142ug. Miejska, w\u0142asna aplikacja do wszystkiego to rozwi\u0105zanie, do kt\u00f3rego b\u0119dziemy d\u0105\u017cy\u0107.<\/p>\n\n\n\n<p>8. Ochrona zdrowia i opieka spo\u0142eczna \u2013 inwestycje w lokalne systemy opieki zdrowotnej i spo\u0142ecznej, aby by\u0142y dost\u0119pne i wysokiej jako\u015bci. Tu postawimy na innowacje, rewolucj\u0119 w podej\u015bciu do s\u0142u\u017cby zdrowia, kt\u00f3ra dopiero si\u0119 zaczyna. Chcemy by\u0107 na czele. To w Pabianicach ma mieszka\u0107 pierwszy polski obywatel, do kt\u00f3rego w przypadku udaru karetka trafi \u201eautomatycznie\u201d dzi\u0119ki bransoletce\/zegarkowi sprawdzaj\u0105cemu stan organizmu. To tu wi\u0119kszo\u015b\u0107 kobiet ma by\u0107 przez miasto nieodp\u0142atnie przebadana mammografem.<\/p>\n\n\n\n<p>9. Innowacje \u2013 zainwestujemy w rozw\u00f3j innowacyjnych projekt\u00f3w, kt\u00f3re b\u0119d\u0105 wspiera\u0107 lokaln\u0105 gospodark\u0119 i tworzy\u0107 miejsca pracy, ale te\u017c u\u0142atwia\u0107 nam \u017cycie. Wa\u017cne b\u0119dzie wsparcie dla startup\u00f3w i ma\u0142ych przedsi\u0119biorstw w sektorze technologii i us\u0142ug, np. zajmuj\u0105cych si\u0119 systemami usprawniaj\u0105cymi diagnoz\u0119 lekarsk\u0105 w oparciu o syntezatory mowy i AI, obecnie opracowywane przez Politechnik\u0119 \u0141\u00f3dzk\u0105. Pabianicki szpital \u2013 jako og\u00f3lny, miejski, niewyspecjalizowany \u2013 idealnie pasuje do testowego wprowadzenia tego rodzaju usprawnie\u0144.<\/p>\n\n\n\n<p>10. Partycypacja. To w\u0142a\u015bnie dzi\u0119ki zaanga\u017cowaniu ludzi uda si\u0119 budowa\u0107 silniejsze, bardziej zintegrowane spo\u0142eczno\u015bci, kt\u00f3re s\u0105 w stanie wsp\u00f3lnie stawia\u0107 czo\u0142a wyzwaniom. Wsp\u00f3\u0142praca mi\u0119dzy mieszka\u0144cami a w\u0142adzami stanie si\u0119 bardziej p\u0142ynna i efektywna, co przyczyni si\u0119 do wzrostu zaufania spo\u0142ecznego i poczucia wsp\u00f3lnoty. Inicjatywy spo\u0142eczne, wynikaj\u0105ce z partycypacji obywatelskiej, b\u0119d\u0105 \u017ar\u00f3d\u0142em innowacji i zmian, kt\u00f3re uczyni\u0105 nasze miasta i wsie lepszymi miejscami do \u017cycia. W tych procesach ka\u017cdy g\u0142os b\u0119dzie mia\u0142 znaczenie<\/p>\n\n\n\n<p>Dbaj\u0105c o te aspekty, ma\u0142e miasto w Polsce mo\u017ce sta\u0107 si\u0119 przyk\u0142adem miejscowo\u015bci, kt\u00f3ra rozwija si\u0119 w spos\u00f3b zr\u00f3wnowa\u017cony i innowacyjny, jednocze\u015bnie zachowuj\u0105c swoj\u0105 lokaln\u0105 to\u017csamo\u015b\u0107 i zapewniaj\u0105c wysok\u0105 jako\u015b\u0107 \u017cycia swoim mieszka\u0144com. Na p\u00f3\u0142nocy Polski wyr\u00f3\u017cnia si\u0119 Sopot. Na po\u0142udniu Zakopane. Zbudujmy sobie najlepsz\u0105, najwygodniejsz\u0105 sypialni\u0119 w centralnej Polsce.<\/p>\n","protected":false},"excerpt":{"rendered":"<p>Dlatego powo\u0142ali\u015bmy ruch Teraz Pabianice, tworzony przez ludzi, w kt\u00f3rych istnieje g\u0142\u0119boka niezgoda na podzia\u0142 \u015bwiata w kategoriach czerni i bieli, kt\u00f3rzy m\u00f3wi\u0105 \u201esprawdzam\u201d rz\u0105dz\u0105cym niezale\u017cnie od tego, jacy politycy za nimi stoj\u0105, kt\u00f3rzy czuj\u0105 si\u0119 demokratami, bo \u017c\u0105daj\u0105, aby regu\u0142y demokracji by\u0142y wymagane od ka\u017cdego, kto po w\u0142adz\u0119 si\u0119ga. Tylko w\u0142adza, kt\u00f3ra si\u0119 boi&hellip;&nbsp;<a href=\"https:\/\/terazpabianice.org\/?page_id=71\" class=\"\" rel=\"bookmark\">Read More &raquo;<span class=\"screen-reader-text\">Wst\u0119pniak<\/span><\/a><\/p>\n","protected":false},"author":1,"featured_media":0,"parent":0,"menu_order":0,"comment_status":"closed","ping_status":"closed","template":"","meta":{"neve_meta_sidebar":"default","neve_meta_container":"","neve_meta_enable_content_width":"on","neve_meta_content_width":100,"neve_meta_title_alignment":"","neve_meta_author_avatar":"","neve_post_elements_order":"","neve_meta_disable_header":"","neve_meta_disable_footer":"","neve_meta_disable_title":"on","_themeisle_gutenberg_block_has_review":false,"_kadence_starter_templates_imported_post":false,"_ti_tpc_template_sync":false,"_ti_tpc_template_id":"axcn4pxgkxci1ianbdh0","footnotes":""},"class_list":["post-71","page","type-page","status-publish","hentry"],"_links":{"self":[{"href":"https:\/\/terazpabianice.org\/index.php?rest_route=\/wp\/v2\/pages\/71","targetHints":{"allow":["GET"]}}],"collection":[{"href":"https:\/\/terazpabianice.org\/index.php?rest_route=\/wp\/v2\/pages"}],"about":[{"href":"https:\/\/terazpabianice.org\/index.php?rest_route=\/wp\/v2\/types\/page"}],"author":[{"embeddable":true,"href":"https:\/\/terazpabianice.org\/index.php?rest_route=\/wp\/v2\/users\/1"}],"replies":[{"embeddable":true,"href":"https:\/\/terazpabianice.org\/index.php?rest_route=%2Fwp%2Fv2%2Fcomments&post=71"}],"version-history":[{"count":7,"href":"https:\/\/terazpabianice.org\/index.php?rest_route=\/wp\/v2\/pages\/71\/revisions"}],"predecessor-version":[{"id":564,"href":"https:\/\/terazpabianice.org\/index.php?rest_route=\/wp\/v2\/pages\/71\/revisions\/564"}],"wp:attachment":[{"href":"https:\/\/terazpabianice.org\/index.php?rest_route=%2Fwp%2Fv2%2Fmedia&parent=71"}],"curies":[{"name":"wp","href":"https:\/\/api.w.org\/{rel}","templated":true}]}}