{"id":69,"date":"2020-01-27T08:05:29","date_gmt":"2020-01-27T08:05:29","guid":{"rendered":"https:\/\/demosites.io\/web-agency-gb\/?page_id=69"},"modified":"2024-02-13T21:22:51","modified_gmt":"2024-02-13T20:22:51","slug":"15c42-web-agency-gb-portfolio","status":"publish","type":"page","link":"https:\/\/terazpabianice.org\/?page_id=69","title":{"rendered":"Zbudujmy sobie miasto"},"content":{"rendered":"\n<div class=\"wp-block-cover alignfull\" style=\"min-height:300px;aspect-ratio:unset;\"><span aria-hidden=\"true\" class=\"wp-block-cover__background has-nv-site-bg-background-color has-background-dim-100 has-background-dim\"><\/span><div class=\"wp-block-cover__inner-container is-layout-flow wp-block-cover-is-layout-flow\">\n<div class=\"wp-block-group\"><div class=\"wp-block-group__inner-container is-layout-flow wp-block-group-is-layout-flow\">\n<h1 class=\"wp-block-heading has-text-align-left has-neve-text-color-color has-text-color\">Portfolio<\/h1>\n<\/div><\/div>\n<\/div><\/div>\n\n\n\n<div class=\"wp-block-cover alignfull\" style=\"min-height:600px;aspect-ratio:unset;\"><span aria-hidden=\"true\" class=\"wp-block-cover__background has-nv-light-bg-background-color has-background-dim-100 has-background-dim\"><\/span><div class=\"wp-block-cover__inner-container is-layout-flow wp-block-cover-is-layout-flow\">\n<div class=\"wp-block-group\"><div class=\"wp-block-group__inner-container is-layout-flow wp-block-group-is-layout-flow\">\n<div style=\"height:80px\" aria-hidden=\"true\" class=\"wp-block-spacer\"><\/div>\n\n\n\n<div class=\"wp-block-columns are-vertically-aligned-center is-layout-flex wp-container-core-columns-is-layout-9d6595d7 wp-block-columns-is-layout-flex\">\n<div class=\"wp-block-column is-vertically-aligned-center is-layout-flow wp-block-column-is-layout-flow\" style=\"flex-basis:50%\">\n<figure class=\"wp-block-image size-full\"><img loading=\"lazy\" decoding=\"async\" width=\"500\" height=\"750\" src=\"http:\/\/terazpabianice.org\/wp-content\/uploads\/2024\/02\/drzewa-Peter-Avramoski.jpeg\" alt=\"\" class=\"wp-image-435\" srcset=\"https:\/\/terazpabianice.org\/wp-content\/uploads\/2024\/02\/drzewa-Peter-Avramoski.jpeg 500w, https:\/\/terazpabianice.org\/wp-content\/uploads\/2024\/02\/drzewa-Peter-Avramoski-200x300.jpeg 200w\" sizes=\"auto, (max-width: 500px) 100vw, 500px\" \/><\/figure>\n\n\n\n<div style=\"height:24px\" aria-hidden=\"true\" class=\"wp-block-spacer\"><\/div>\n\n\n\n<h3 class=\"wp-block-heading has-text-align-center has-neve-text-color-color has-text-color\">NAIWNIAK<\/h3>\n\n\n\n<h3 class=\"wp-block-heading has-text-align-center has-neve-text-color-color has-text-color\"><br>Id\u0119 ! Wybieram ! Startuj\u0119 !<\/h3>\n\n\n\n<p class=\"has-nv-dark-bg-color has-text-color has-link-color wp-elements-c4f27a164da163cccfde6228719c0afe\">Och, wybory samorz\u0105dowe! To przecie\u017c \u015bwi\u0119to demokracji, karnawa\u0142 mo\u017cliwo\u015bci, festiwal wp\u0142ywu na nasze najbli\u017csze otoczenie! Z pewno\u015bci\u0105 p\u00f3jd\u0119 na wybory, bo przecie\u017c ka\u017cdy g\u0142os liczy si\u0119 jak z\u0142oto w skarbcu lokalnej wsp\u00f3lnoty. To jak magiczny klucz, kt\u00f3ry otwiera drzwi do lepszego jutra, pe\u0142nego kwitn\u0105cych park\u00f3w, b\u0142yszcz\u0105cych plac\u00f3w zabaw i drobnych udogodnie\u0144, kt\u00f3re czyni\u0105 \u017cycie w mie\u015bcie niczym z bajki.<\/p>\n\n\n\n<p class=\"has-nv-dark-bg-color has-text-color has-link-color wp-elements-09abd0a81cfd7ea9509a7bfdcd64c7fd\">Wyobra\u017cam sobie, jak moim g\u0142osem maluj\u0119 t\u0119cz\u0119 nad miastem, zapowiadaj\u0105c\u0105 czas zmian i innowacji. Dzi\u0119ki mojej decyzji, lokalni urz\u0119dnicy zamieni\u0105 si\u0119 w niezmordowanych superbohater\u00f3w, kt\u00f3rzy z niewyt\u0142umaczaln\u0105 pasj\u0105 i zaanga\u017cowaniem po\u015bwi\u0119c\u0105 si\u0119 realizacji wszystkich obietnic wyborczych. A ja, jako ich wierny wyborca, b\u0119d\u0119 pierwszym \u015bwiadkiem tej spektakularnej metamorfozy.<\/p>\n\n\n\n<p class=\"has-nv-dark-bg-color has-text-color has-link-color wp-elements-7bd12e9a6085d63721f71628aceadd22\">P\u00f3jd\u0119 na wybory, bo wierz\u0119, \u017ce m\u00f3j pojedynczy g\u0142os mo\u017ce zainicjowa\u0107 lawin\u0119 pozytywnych zmian. Jak w dobrze napisanej komedii, gdzie ka\u017cdy \u017cart ma swoje miejsce, tak i w lokalnej polityce ka\u017cdy g\u0142os ma swoj\u0105 warto\u015b\u0107. To moja szansa, by by\u0107 re\u017cyserem w spektaklu pt. &#8220;M\u00f3j Idealny Kawa\u0142ek Miasta&#8221;.<\/p>\n\n\n\n<p class=\"has-nv-dark-bg-color has-text-color has-link-color wp-elements-a85247b5a88a7a2a98b46da3f6786e4c\">Z entuzjazmem b\u0119d\u0119 obserwowa\u0107, jak z mojego g\u0142osu wy\u0142ania si\u0119 nowe boisko dla dzieci, lepsze o\u015bwietlenie uliczne czy te nowoczesne \u0142aweczki z darmowym Wi-Fi. To b\u0119dzie jak magiczna fasolka, z kt\u00f3rej wyro\u015bnie nie tylko zielona przestrze\u0144 dla odpoczynku, ale i prawdziwa spo\u0142eczna harmonia.<\/p>\n\n\n\n<p class=\"has-nv-dark-bg-color has-text-color has-link-color wp-elements-873a4424e32effa65d6ceb286dd1c57b\">Tak, p\u00f3jd\u0119 na wybory samorz\u0105dowe z u\u015bmiechem na ustach i nadziej\u0105 w sercu, \u015bwiadomy, \u017ce w\u0142a\u015bnie takie naiwne podej\u015bcie jest potrzebne, aby marzenia o lepszym \u015bwiecie mog\u0142y sta\u0107 si\u0119 rzeczywisto\u015bci\u0105. W ko\u0144cu, je\u015bli nie ja, to kto? Je\u015bli nie teraz, to kiedy?<\/p>\n\n\n\n<div style=\"height:40px\" aria-hidden=\"true\" class=\"wp-block-spacer\"><\/div>\n<\/div>\n\n\n\n<div class=\"wp-block-column is-vertically-aligned-center is-layout-flow wp-block-column-is-layout-flow\" style=\"flex-basis:50%\">\n<figure class=\"wp-block-image size-full\"><img loading=\"lazy\" decoding=\"async\" width=\"563\" height=\"750\" src=\"https:\/\/terazpabianice.org\/wp-content\/uploads\/2024\/02\/pexels-photo-13450503.jpeg\" alt=\"\" class=\"wp-image-478\" srcset=\"https:\/\/terazpabianice.org\/wp-content\/uploads\/2024\/02\/pexels-photo-13450503.jpeg 563w, https:\/\/terazpabianice.org\/wp-content\/uploads\/2024\/02\/pexels-photo-13450503-225x300.jpeg 225w\" sizes=\"auto, (max-width: 563px) 100vw, 563px\" \/><\/figure>\n\n\n\n<div style=\"height:24px\" aria-hidden=\"true\" class=\"wp-block-spacer\"><\/div>\n\n\n\n<h3 class=\"wp-block-heading has-text-align-center has-neve-text-color-color has-text-color\">ROZS\u0104DNY<\/h3>\n\n\n\n<h3 class=\"wp-block-heading has-text-align-center has-neve-text-color-color has-text-color\"><br>Nie id\u0119 na wybory !<\/h3>\n\n\n\n<p class=\"has-nv-dark-bg-color has-text-color has-link-color wp-elements-5793497ea8412f219972be2e854ddb0e\">Udzia\u0142 w wyborach samorz\u0105dowych to strata czasu, prawda? Przecie\u017c i tak nikt sensowny nie startuje. I tak kto\u015b zarz\u0105dza Pabianicami? W ko\u0144cu decyzje dotycz\u0105ce bud\u017cetu, edukacji, bezpiecze\u0144stwa, czy lokalnej infrastruktury nie maj\u0105 wp\u0142ywu na moje \u017cycie. <\/p>\n\n\n\n<p class=\"has-nv-dark-bg-color has-text-color has-link-color wp-elements-526957c0fe79e46ad0709fab2e45f307\">Jak nie p\u00f3jd\u0119, mog\u0119 przyjemnie narzeka\u0107 na wszystko, co z\u0142e w mojej okolicy, nie podejmuj\u0105c \u017cadnej pr\u00f3by zmiany. G\u0142osowanie? Po co traci\u0107 na to czas, skoro mo\u017cna ten sam czas sp\u0119dzi\u0107 narzekaj\u0105c na lokalnych urz\u0119dnik\u00f3w w internecie, ciesz\u0105c si\u0119 niezmienn\u0105, komfortow\u0105 stagnacj\u0105.<\/p>\n\n\n\n<p class=\"has-nv-dark-bg-color has-text-color has-link-color wp-elements-f6647dc929a1ea1e8360900962273174\">A te wszystkie obietnice wyborcze &#8211; czy\u017c nie brzmi\u0105 jak bajka na dobranoc, kt\u00f3ra usypia nasze frustracje, zamiast nas mobilizowa\u0107 do dzia\u0142ania? W ko\u0144cu, je\u015bli wszyscy politycy s\u0105 tacy sami i nic si\u0119 nie zmienia, dlaczego mieliby\u015bmy pr\u00f3bowa\u0107 wp\u0142yn\u0105\u0107 na to, kto podejmuje decyzje w naszym imieniu?<\/p>\n\n\n\n<p class=\"has-nv-dark-bg-color has-text-color has-link-color wp-elements-78f741a42bb6981ac09fcdb3428413af\">Niech inni trudz\u0105 si\u0119 wybieraniem, startowaniem, my przecie\u017c wiemy lepiej, ciesz\u0105c si\u0119 wygod\u0105 biernego obserwatora. Dlaczego mia\u0142bym chcie\u0107 zmienia\u0107 miasto, skoro mog\u0119 bez wysi\u0142ku narzeka\u0107 na\u0144, prawda? Ostatecznie, co mo\u017ce by\u0107 bardziej satysfakcjonuj\u0105ce ni\u017c utrzymanie status quo, zamiast d\u0105\u017cenia do poprawy warunk\u00f3w \u017cycia ? Ah, jak\u017ce s\u0142odki jest cynizm i bierno\u015b\u0107.<\/p>\n\n\n\n<div style=\"height:40px\" aria-hidden=\"true\" class=\"wp-block-spacer\"><\/div>\n<\/div>\n<\/div>\n\n\n\n<div style=\"height:40px\" aria-hidden=\"true\" class=\"wp-block-spacer\"><\/div>\n<\/div><\/div>\n<\/div><\/div>\n\n\n\n<div class=\"wp-block-cover alignfull\" style=\"min-height:600px;aspect-ratio:unset;\"><span aria-hidden=\"true\" class=\"wp-block-cover__background has-nv-site-bg-background-color has-background-dim-100 has-background-dim\"><\/span><div class=\"wp-block-cover__inner-container is-layout-flow wp-block-cover-is-layout-flow\">\n<div class=\"wp-block-group\"><div class=\"wp-block-group__inner-container is-layout-flow wp-block-group-is-layout-flow\">\n<div style=\"height:80px\" aria-hidden=\"true\" class=\"wp-block-spacer\"><\/div>\n\n\n\n<div class=\"wp-block-columns are-vertically-aligned-center is-layout-flex wp-container-core-columns-is-layout-9d6595d7 wp-block-columns-is-layout-flex\">\n<div class=\"wp-block-column is-vertically-aligned-center has-nv-dark-bg-color has-text-color has-link-color wp-elements-4ab5f236a2f9cb31da36c9fac098ec37 is-layout-flow wp-block-column-is-layout-flow\" style=\"flex-basis:50%\">\n<figure class=\"wp-block-image size-large\"><img loading=\"lazy\" decoding=\"async\" width=\"1024\" height=\"575\" src=\"http:\/\/terazpabianice.org\/wp-content\/uploads\/2024\/02\/blok-Alexander-Igrevsky-1024x575.jpeg\" alt=\"\" class=\"wp-image-434\" srcset=\"https:\/\/terazpabianice.org\/wp-content\/uploads\/2024\/02\/blok-Alexander-Igrevsky-1024x575.jpeg 1024w, https:\/\/terazpabianice.org\/wp-content\/uploads\/2024\/02\/blok-Alexander-Igrevsky-300x169.jpeg 300w, https:\/\/terazpabianice.org\/wp-content\/uploads\/2024\/02\/blok-Alexander-Igrevsky-768x432.jpeg 768w, https:\/\/terazpabianice.org\/wp-content\/uploads\/2024\/02\/blok-Alexander-Igrevsky.jpeg 1260w\" sizes=\"auto, (max-width: 1024px) 100vw, 1024px\" \/><\/figure>\n\n\n\n<div style=\"height:24px\" aria-hidden=\"true\" class=\"wp-block-spacer\"><\/div>\n\n\n\n<h3 class=\"wp-block-heading has-text-align-center has-neve-text-color-color has-text-color\"><em>zr\u00f3wnowa\u017cony rozw\u00f3j<\/em><\/h3>\n\n\n\n<p class=\"has-nv-dark-bg-color has-text-color has-link-color wp-elements-da077b013606f73f786e96bcc1734861\">W malowniczych Pabianicach, gdzie ka\u017cdy zna swojego s\u0105siada, a miejscowe koty dumnie paraduj\u0105 po rynku, dbanie o zr\u00f3wnowa\u017cony rozw\u00f3j przybierze form\u0119 niemal rytualn\u0105.<\/p>\n\n\n\n<p class=\"has-nv-dark-bg-color has-text-color has-link-color wp-elements-d822ba96fa40dfa673b3390d0dfff317\">Wyobra\u017acie sobie miasto, w kt\u00f3rym zamiast tradycyjnych autobus\u00f3w miejskich, mieszka\u0144cy przemieszczaj\u0105 si\u0119 ultranowoczesnymi, cichymi pojazdami elektrycznymi, malowanymi w \u017cywe kolory przez lokalnych artyst\u00f3w. Ka\u017cdy przystanek to ma\u0142a galeria sztuki na wolnym powietrzu. Zr\u00f3wnowa\u017cony rozw\u00f3j to \u0142atwy i op\u0142acalny styl \u017cycia. Dachy dom\u00f3w i blok\u00f3w pokryte s\u0105 panelami s\u0142onecznymi. Op\u0142aty za pr\u0105d okazuj\u0105 si\u0119 prze\u017cytkiem. Ziele\u0144 miejska jest piel\u0119gnowana z tak\u0105 dba\u0142o\u015bci\u0105, \u017ce drzewa i krzewy s\u0105 prawie cz\u0142onkami lokalnej rady miasta, a ich opini\u0119 bierze si\u0119 pod uwag\u0119 przy planowaniu przestrzennym. Co wi\u0119cej, miasto s\u0142ynie z inicjatyw spo\u0142ecznych, takich jak \u201eAdoptuj kwiatka\u201d, gdzie ka\u017cdy mieszkaniec mo\u017ce wzi\u0105\u0107 pod swoje skrzyd\u0142a ro\u015blin\u0119, a najlepsze opiekuny s\u0105 nagradzane tytu\u0142em \u201eZielonego Serca Roku\u201d.<\/p>\n\n\n\n<h2 class=\"wp-block-heading\">\u015bmieci<\/h2>\n\n\n\n<p>Odpady? W Pabianicach segregacja \u015bmieci staje si\u0119 form\u0105 lokalnego sportu. Szko\u0142y rywalizuj\u0105, kto zrecyklinguje wi\u0119cej, a wyniki s\u0105 og\u0142aszane co miesi\u0105c na tablicy honorowej przy ratuszu. Jest nawet specjalna aplikacja, \u201eRecykloMetr\u201d, kt\u00f3ra \u015bledzi post\u0119py i nagradza najaktywniejszych recykler\u00f3w kuponami do lokalnych sklep\u00f3w, wyj\u015bciami do kina czy zaproszeniami do miejscowych kawiarni. Dlaczego lokalnych ? Pabianice z dum\u0105 promuj\u0105 miejscowe produkty. Targi odbywaj\u0105 si\u0119 tu cz\u0119\u015bciej ni\u017c gdziekolwiek indziej, a mieszka\u0144cy z rado\u015bci\u0105 wymieniaj\u0105 si\u0119 przetworami, kt\u00f3re przygotowali z owoc\u00f3w i warzyw z w\u0142asnych ogr\u00f3dk\u00f3w. RODOS \u2013 ogr\u00f3dki dzia\u0142kowe s\u0105 dost\u0119pne dla ka\u017cdego ch\u0119tnego, odk\u0105d miasto udost\u0119pni\u0142o dla nich nowe tereny.<\/p>\n\n\n\n<h2 class=\"wp-block-heading\">i jednym zdaniem<\/h2>\n\n\n\n<p>Moje Pabianice to miasto, gdzie zr\u00f3wnowa\u017cony rozw\u00f3j nie jest polityk\u0105, ale przede wszystkim sercem bij\u0105cym w rytmie lokalnej spo\u0142eczno\u015bci, zawsze gotowej na nowe, zazielenione wyzwania.<\/p>\n\n\n\n<div class=\"wp-block-buttons is-content-justification-center is-layout-flex wp-container-core-buttons-is-layout-16018d1d wp-block-buttons-is-layout-flex\">\n<div class=\"wp-block-button is-style-primary\"><a class=\"wp-block-button__link wp-element-button\" href=\"https:\/\/terazpabianice.org\/?page_id=308\">PROJECT DETAILS<\/a><\/div>\n<\/div>\n\n\n\n<div style=\"height:40px\" aria-hidden=\"true\" class=\"wp-block-spacer\"><\/div>\n<\/div>\n\n\n\n<div class=\"wp-block-column is-vertically-aligned-center has-nv-dark-bg-color has-text-color has-link-color wp-elements-fbb50d6c0f3b4f1a65b47408b28dbfe6 is-layout-flow wp-block-column-is-layout-flow\" style=\"flex-basis:50%\">\n<figure class=\"wp-block-image size-large\"><img loading=\"lazy\" decoding=\"async\" width=\"1024\" height=\"682\" src=\"http:\/\/terazpabianice.org\/wp-content\/uploads\/2024\/02\/computer-901857_1280-1024x682.jpg\" alt=\"\" class=\"wp-image-420\" srcset=\"https:\/\/terazpabianice.org\/wp-content\/uploads\/2024\/02\/computer-901857_1280-1024x682.jpg 1024w, https:\/\/terazpabianice.org\/wp-content\/uploads\/2024\/02\/computer-901857_1280-300x200.jpg 300w, https:\/\/terazpabianice.org\/wp-content\/uploads\/2024\/02\/computer-901857_1280-768x512.jpg 768w, https:\/\/terazpabianice.org\/wp-content\/uploads\/2024\/02\/computer-901857_1280-930x620.jpg 930w, https:\/\/terazpabianice.org\/wp-content\/uploads\/2024\/02\/computer-901857_1280.jpg 1280w\" sizes=\"auto, (max-width: 1024px) 100vw, 1024px\" \/><\/figure>\n\n\n\n<div style=\"height:24px\" aria-hidden=\"true\" class=\"wp-block-spacer\"><\/div>\n\n\n\n<h3 class=\"wp-block-heading has-text-align-center has-neve-text-color-color has-text-color\">Wst\u0119pniak<\/h3>\n\n\n\n<p>Polsk\u0119 od blisko dw\u00f3ch dekad trawi ja\u0142owy sp\u00f3r. Jego ja\u0142owo\u015b\u0107 najsilniej wida\u0107 w samorz\u0105dach. Polityk\u00f3w lokalnych coraz rzadziej rozlicza si\u0119 z konkretnych efekt\u00f3w ich pracy, z poszanowania demokratycznych standard\u00f3w, czy udanych pomys\u0142\u00f3w. Cz\u0119\u015bciej ich ocena zale\u017cy od tego, czy pasuj\u0105 do bipolarnego \u015bwiata zarysowanego przez Platform\u0119 Obywatelsk\u0105 oraz Prawo i Sprawiedliwo\u015b\u0107. U\u017cywa si\u0119 szanta\u017cu \u201ejak my nie wygramy, to przyjd\u0105 tamci\u201d, kt\u00f3ry zamyka wszelk\u0105 dyskusj\u0119. W ten spos\u00f3b realne problemy schodz\u0105 na dalszy plan.<br><br>Dlatego powo\u0142ali\u015bmy ruch Teraz Pabianice, tworzony przez ludzi, w kt\u00f3rych istnieje g\u0142\u0119boka niezgoda na podzia\u0142 \u015bwiata w kategoriach czerni i bieli, kt\u00f3rzy m\u00f3wi\u0105 \u201esprawdzam\u201d rz\u0105dz\u0105cym niezale\u017cnie od tego, jacy politycy za nimi stoj\u0105, kt\u00f3rzy czuj\u0105 si\u0119 demokratami, bo \u017c\u0105daj\u0105, aby regu\u0142y demokracji by\u0142y wymagane od ka\u017cdego, kto po w\u0142adz\u0119 si\u0119ga. Tylko w\u0142adza, kt\u00f3ra si\u0119 boi kontroli, jest w\u0142adz\u0105, kt\u00f3rej nie ogarnie pokusa lekcewa\u017cenia wyborc\u00f3w lub mamienia ich prostymi emocjami.<\/p>\n\n\n\n<p>Wybory to czas, w kt\u00f3rym przedstawiane s\u0105 r\u00f3\u017cne wizje miasta. Od Pa\u0144stwa g\u0142os\u00f3w zale\u017cy, czy b\u0119dzie nam dana szansa na zrealizowanie naszych bardzo ambitnych pomys\u0142\u00f3w.<\/p>\n\n\n\n<div style=\"height:40px\" aria-hidden=\"true\" class=\"wp-block-spacer\"><\/div>\n<\/div>\n<\/div>\n\n\n\n<div style=\"height:40px\" aria-hidden=\"true\" class=\"wp-block-spacer\"><\/div>\n<\/div><\/div>\n<\/div><\/div>\n\n\n\n<div class=\"wp-block-cover alignfull\" style=\"min-height:300px;aspect-ratio:unset;\"><span aria-hidden=\"true\" class=\"wp-block-cover__background has-nv-dark-bg-background-color has-background-dim-100 has-background-dim\"><\/span><div class=\"wp-block-cover__inner-container is-layout-flow wp-block-cover-is-layout-flow\">\n<div style=\"height:80px\" aria-hidden=\"true\" class=\"wp-block-spacer\"><\/div>\n\n\n<div class=\"wp-block-image is-style-rounded\">\n<figure class=\"aligncenter size-large is-resized\"><img loading=\"lazy\" decoding=\"async\" width=\"400\" height=\"400\" src=\"http:\/\/terazpabianice.org\/wp-content\/uploads\/2020\/12\/neve-web-design-studio-03.1.jpg\" alt=\"\" class=\"wp-image-215\" style=\"width:80px;height:80px\" srcset=\"https:\/\/terazpabianice.org\/wp-content\/uploads\/2020\/12\/neve-web-design-studio-03.1.jpg 400w, https:\/\/terazpabianice.org\/wp-content\/uploads\/2020\/12\/neve-web-design-studio-03.1-300x300.jpg 300w, https:\/\/terazpabianice.org\/wp-content\/uploads\/2020\/12\/neve-web-design-studio-03.1-150x150.jpg 150w\" sizes=\"auto, (max-width: 400px) 100vw, 400px\" \/><\/figure>\n<\/div>\n\n\n<div style=\"height:24px\" aria-hidden=\"true\" class=\"wp-block-spacer\"><\/div>\n\n\n\n<p class=\"has-text-align-center has-nv-text-dark-bg-color has-text-color\">\u201cWhat is the point of being alive if you don\u2019t at least <br>try to do something remarkable?\u201d<\/p>\n\n\n\n<p class=\"has-text-align-center has-nv-text-dark-bg-color has-text-color\" style=\"font-size:14px\">JANET MORRIS<\/p>\n\n\n\n<div style=\"height:80px\" aria-hidden=\"true\" class=\"wp-block-spacer\"><\/div>\n<\/div><\/div>\n","protected":false},"excerpt":{"rendered":"","protected":false},"author":1,"featured_media":0,"parent":0,"menu_order":0,"comment_status":"closed","ping_status":"closed","template":"","meta":{"neve_meta_sidebar":"full-width","neve_meta_container":"","neve_meta_enable_content_width":"on","neve_meta_content_width":100,"neve_meta_title_alignment":"","neve_meta_author_avatar":"","neve_post_elements_order":"","neve_meta_disable_header":"","neve_meta_disable_footer":"","neve_meta_disable_title":"on","_themeisle_gutenberg_block_has_review":false,"_kadence_starter_templates_imported_post":false,"_ti_tpc_template_sync":false,"_ti_tpc_template_id":"94gtya0n2udx05knf121","footnotes":""},"class_list":["post-69","page","type-page","status-publish","hentry"],"_links":{"self":[{"href":"https:\/\/terazpabianice.org\/index.php?rest_route=\/wp\/v2\/pages\/69","targetHints":{"allow":["GET"]}}],"collection":[{"href":"https:\/\/terazpabianice.org\/index.php?rest_route=\/wp\/v2\/pages"}],"about":[{"href":"https:\/\/terazpabianice.org\/index.php?rest_route=\/wp\/v2\/types\/page"}],"author":[{"embeddable":true,"href":"https:\/\/terazpabianice.org\/index.php?rest_route=\/wp\/v2\/users\/1"}],"replies":[{"embeddable":true,"href":"https:\/\/terazpabianice.org\/index.php?rest_route=%2Fwp%2Fv2%2Fcomments&post=69"}],"version-history":[{"count":8,"href":"https:\/\/terazpabianice.org\/index.php?rest_route=\/wp\/v2\/pages\/69\/revisions"}],"predecessor-version":[{"id":489,"href":"https:\/\/terazpabianice.org\/index.php?rest_route=\/wp\/v2\/pages\/69\/revisions\/489"}],"wp:attachment":[{"href":"https:\/\/terazpabianice.org\/index.php?rest_route=%2Fwp%2Fv2%2Fmedia&parent=69"}],"curies":[{"name":"wp","href":"https:\/\/api.w.org\/{rel}","templated":true}]}}