{"id":309,"date":"2020-01-13T11:17:52","date_gmt":"2020-01-13T11:17:52","guid":{"rendered":"https:\/\/demosites.io\/web-agency-gb\/?page_id=5"},"modified":"2024-02-18T12:17:32","modified_gmt":"2024-02-18T11:17:32","slug":"15c42-web-agency-gb-home","status":"publish","type":"page","link":"https:\/\/terazpabianice.org\/","title":{"rendered":"Home"},"content":{"rendered":"\n<div class=\"wp-block-cover alignfull is-light\" style=\"min-height:549px;aspect-ratio:unset;\"><span aria-hidden=\"true\" class=\"wp-block-cover__background has-background-dim-0 has-background-dim\"><\/span><img loading=\"lazy\" decoding=\"async\" width=\"2560\" height=\"1124\" class=\"wp-block-cover__image-background wp-image-7\" alt=\"\" src=\"http:\/\/terazpabianice.org\/wp-content\/uploads\/2024\/02\/395407339_240104449051111_764477907592256290_n-scaled.jpg\" data-object-fit=\"cover\" srcset=\"https:\/\/terazpabianice.org\/wp-content\/uploads\/2024\/02\/395407339_240104449051111_764477907592256290_n-scaled.jpg 2560w, https:\/\/terazpabianice.org\/wp-content\/uploads\/2024\/02\/395407339_240104449051111_764477907592256290_n-300x132.jpg 300w, https:\/\/terazpabianice.org\/wp-content\/uploads\/2024\/02\/395407339_240104449051111_764477907592256290_n-1024x450.jpg 1024w, https:\/\/terazpabianice.org\/wp-content\/uploads\/2024\/02\/395407339_240104449051111_764477907592256290_n-768x337.jpg 768w, https:\/\/terazpabianice.org\/wp-content\/uploads\/2024\/02\/395407339_240104449051111_764477907592256290_n-1536x674.jpg 1536w, https:\/\/terazpabianice.org\/wp-content\/uploads\/2024\/02\/395407339_240104449051111_764477907592256290_n-2048x899.jpg 2048w\" sizes=\"auto, (max-width: 2560px) 100vw, 2560px\" \/><div class=\"wp-block-cover__inner-container is-layout-flow wp-block-cover-is-layout-flow\">\n<div style=\"height:80px\" aria-hidden=\"true\" class=\"wp-block-spacer\"><\/div>\n\n\n\n<div style=\"height:80px\" aria-hidden=\"true\" class=\"wp-block-spacer\"><\/div>\n<\/div><\/div>\n\n\n\n<div style=\"height:80px\" aria-hidden=\"true\" class=\"wp-block-spacer\"><\/div>\n\n\n\n<div id=\"wp-block-themeisle-blocks-advanced-columns-86845165\" class=\"wp-block-themeisle-blocks-advanced-columns alignfull has-3-columns has-desktop-equal-layout has-tablet-equal-layout has-mobile-collapsedRows-layout has-vertical-center has-light-bg\"><div class=\"wp-block-themeisle-blocks-advanced-columns-overlay\"><\/div><div class=\"innerblocks-wrap\">\n<div id=\"wp-block-themeisle-blocks-advanced-column-e7bbeb5a\" class=\"wp-block-themeisle-blocks-advanced-column has-light-bg\">\n<div class=\"wp-block-themeisle-blocks-service\">\n<div id=\"wp-block-themeisle-blocks-font-awesome-icons-ff7f3feb\" class=\"wp-block-themeisle-blocks-font-awesome-icons\"><span class=\"wp-block-themeisle-blocks-font-awesome-icons-container\"><a href=\"https:\/\/terazpabianice.org\/?page_id=61\" target=\"_self\" rel=\"noopener noreferrer\"><i class=\"fas fa-check\"><\/i><\/a><\/span><\/div>\n\n\n\n<h3 id=\"wp-block-themeisle-blocks-advanced-heading-d833b0ae\" class=\"wp-block-themeisle-blocks-advanced-heading wp-block-themeisle-blocks-advanced-heading-d833b0ae\"><a href=\"https:\/\/terazpabianice.org\/?page_id=61\" data-type=\"page\" data-id=\"61\">LUDZIE<\/a><\/h3>\n\n\n\n<p id=\"wp-block-themeisle-blocks-advanced-heading-3c547613\" class=\"wp-block-themeisle-blocks-advanced-heading wp-block-themeisle-blocks-advanced-heading-3c547613\">Kim jeste\u015bmy ?<\/p>\n<\/div>\n<\/div>\n\n\n\n<div id=\"wp-block-themeisle-blocks-advanced-column-a586ec67\" class=\"wp-block-themeisle-blocks-advanced-column\">\n<div id=\"wp-block-themeisle-blocks-font-awesome-icons-d0853668\" class=\"wp-block-themeisle-blocks-font-awesome-icons\"><span class=\"wp-block-themeisle-blocks-font-awesome-icons-container\"><a href=\"https:\/\/terazpabianice.org\/?page_id=308\" target=\"_self\" rel=\"noopener noreferrer\"><i class=\"fas fa-check\"><\/i><\/a><\/span><\/div>\n\n\n\n<h3 id=\"wp-block-themeisle-blocks-advanced-heading-097e987c\" class=\"wp-block-themeisle-blocks-advanced-heading wp-block-themeisle-blocks-advanced-heading-097e987c\"><a href=\"https:\/\/terazpabianice.org\/?page_id=308\" data-type=\"page\" data-id=\"308\">ARTYKU\u0141Y<\/a><\/h3>\n\n\n\n<p id=\"wp-block-themeisle-blocks-advanced-heading-b9750e24\" class=\"wp-block-themeisle-blocks-advanced-heading wp-block-themeisle-blocks-advanced-heading-b9750e24\">Nasze przemy\u015blenia, uwagi, spojrzenia.<\/p>\n<\/div>\n\n\n\n<div id=\"wp-block-themeisle-blocks-advanced-column-3311cfd9\" class=\"wp-block-themeisle-blocks-advanced-column\">\n<div id=\"wp-block-themeisle-blocks-font-awesome-icons-9b1fad42\" class=\"wp-block-themeisle-blocks-font-awesome-icons\"><span class=\"wp-block-themeisle-blocks-font-awesome-icons-container\"><a href=\"https:\/\/terazpabianice.org\/?p=352\" target=\"_self\" rel=\"noopener noreferrer\"><i class=\"fas fa-check\"><\/i><\/a><\/span><\/div>\n\n\n\n<h3 id=\"wp-block-themeisle-blocks-advanced-heading-70ffa1be\" class=\"wp-block-themeisle-blocks-advanced-heading wp-block-themeisle-blocks-advanced-heading-70ffa1be\"><a href=\"https:\/\/terazpabianice.org\/?p=352\" data-type=\"post\" data-id=\"352\">PROGRAM<\/a><\/h3>\n\n\n\n<p id=\"wp-block-themeisle-blocks-advanced-heading-f7b297f4\" class=\"wp-block-themeisle-blocks-advanced-heading wp-block-themeisle-blocks-advanced-heading-f7b297f4\">Marzenia i plany dla Pabianic.<\/p>\n<\/div>\n<\/div><\/div>\n\n\n\n<div class=\"wp-block-group is-content-justification-center is-nowrap is-layout-flex wp-container-core-group-is-layout-94bc23d7 wp-block-group-is-layout-flex\">\n<p class=\"has-x-large-font-size\"><strong><em>startujemy<\/em><\/strong><\/p>\n<\/div>\n\n\n\n<div style=\"height:50px\" aria-hidden=\"true\" class=\"wp-block-spacer\"><\/div>\n\n\n\n<div class=\"wp-block-group is-content-justification-center is-nowrap is-layout-flex wp-container-core-group-is-layout-94bc23d7 wp-block-group-is-layout-flex\">\n<p class=\"has-large-font-size\">Odwied\u017a nas w mediach spo\u0142eczno\u015bciowych<\/p>\n<\/div>\n\n\n\n<div style=\"height:16px\" aria-hidden=\"true\" class=\"wp-block-spacer\"><\/div>\n\n\n\n<div class=\"wp-block-group is-content-justification-center is-nowrap is-layout-flex wp-container-core-group-is-layout-94bc23d7 wp-block-group-is-layout-flex\">\n<ul class=\"wp-block-social-links has-huge-icon-size has-visible-labels is-layout-flex wp-block-social-links-is-layout-flex\"><li class=\"wp-social-link wp-social-link-facebook  wp-block-social-link\"><a rel=\"noopener nofollow\" target=\"_blank\" href=\"https:\/\/www.facebook.com\/terazpabianice\" class=\"wp-block-social-link-anchor\"><svg width=\"24\" height=\"24\" viewBox=\"0 0 24 24\" version=\"1.1\" xmlns=\"http:\/\/www.w3.org\/2000\/svg\" aria-hidden=\"true\" focusable=\"false\"><path d=\"M12 2C6.5 2 2 6.5 2 12c0 5 3.7 9.1 8.4 9.9v-7H7.9V12h2.5V9.8c0-2.5 1.5-3.9 3.8-3.9 1.1 0 2.2.2 2.2.2v2.5h-1.3c-1.2 0-1.6.8-1.6 1.6V12h2.8l-.4 2.9h-2.3v7C18.3 21.1 22 17 22 12c0-5.5-4.5-10-10-10z\"><\/path><\/svg><span class=\"wp-block-social-link-label\">Facebook<\/span><\/a><\/li><\/ul>\n<\/div>\n\n\n\n<div style=\"height:16px\" aria-hidden=\"true\" class=\"wp-block-spacer\"><\/div>\n\n\n\n<p><a href=\"https:\/\/terazpabianice.org\/?page_id=3\">Polityka prywatno\u015bci<\/a><\/p>\n","protected":false},"excerpt":{"rendered":"<p>startujemy Odwied\u017a nas w mediach spo\u0142eczno\u015bciowych Polityka prywatno\u015bci<\/p>\n","protected":false},"author":1,"featured_media":0,"parent":0,"menu_order":0,"comment_status":"closed","ping_status":"closed","template":"","meta":{"neve_meta_sidebar":"default","neve_meta_container":"default","neve_meta_enable_content_width":"on","neve_meta_content_width":100,"neve_meta_title_alignment":"","neve_meta_author_avatar":"","neve_post_elements_order":"","neve_meta_disable_header":"","neve_meta_disable_footer":"","neve_meta_disable_title":"on","_themeisle_gutenberg_block_has_review":false,"_kadence_starter_templates_imported_post":false,"_ti_tpc_template_sync":false,"_ti_tpc_template_id":"5udqur826ojgsxrmsxsc","footnotes":""},"class_list":["post-309","page","type-page","status-publish","hentry"],"_links":{"self":[{"href":"https:\/\/terazpabianice.org\/index.php?rest_route=\/wp\/v2\/pages\/309","targetHints":{"allow":["GET"]}}],"collection":[{"href":"https:\/\/terazpabianice.org\/index.php?rest_route=\/wp\/v2\/pages"}],"about":[{"href":"https:\/\/terazpabianice.org\/index.php?rest_route=\/wp\/v2\/types\/page"}],"author":[{"embeddable":true,"href":"https:\/\/terazpabianice.org\/index.php?rest_route=\/wp\/v2\/users\/1"}],"replies":[{"embeddable":true,"href":"https:\/\/terazpabianice.org\/index.php?rest_route=%2Fwp%2Fv2%2Fcomments&post=309"}],"version-history":[{"count":11,"href":"https:\/\/terazpabianice.org\/index.php?rest_route=\/wp\/v2\/pages\/309\/revisions"}],"predecessor-version":[{"id":520,"href":"https:\/\/terazpabianice.org\/index.php?rest_route=\/wp\/v2\/pages\/309\/revisions\/520"}],"wp:attachment":[{"href":"https:\/\/terazpabianice.org\/index.php?rest_route=%2Fwp%2Fv2%2Fmedia&parent=309"}],"curies":[{"name":"wp","href":"https:\/\/api.w.org\/{rel}","templated":true}]}}