{"id":2,"date":"2024-02-04T22:36:21","date_gmt":"2024-02-04T21:36:21","guid":{"rendered":"http:\/\/terazpabianice.org\/?page_id=2"},"modified":"2024-03-03T21:56:11","modified_gmt":"2024-03-03T20:56:11","slug":"przykladowa-strona","status":"publish","type":"page","link":"https:\/\/terazpabianice.org\/?page_id=2","title":{"rendered":"To jest strona Komitetu Wyborczego Wyborc\u00f3w Teraz Pabianice."},"content":{"rendered":"\n<p class=\"has-nv-dark-bg-color has-text-color has-link-color wp-elements-40090381fb1341304d4ba13379eaab2b\">Siedziba komitetu mie\u015bci si\u0119 w Pabianicach (95-200), ul. Wsp\u00f3lna 26 c<\/p>\n\n\n\n<p class=\"has-nv-dark-bg-color has-text-color has-link-color wp-elements-be888693eead5d8cec652a27a9d7ccda\">NIP 7312085263<br>REGON 527794443<\/p>\n\n\n\n<p class=\"has-nv-dark-bg-color has-text-color has-link-color wp-elements-1c9728baf72c4039e5612f7a20d2628e\"><br>REJESTR WP\u0141AT OD JEDNEJ OSOBY FIZYCZNEJ PRZEKRACZAJ\u0104CYCH LIMIT:<\/p>\n\n\n\n<p>Na dzie\u0144 3 marca 2024 brak.<\/p>\n\n\n\n<p><\/p>\n\n\n\n<p class=\"has-nv-dark-bg-color has-text-color has-link-color wp-elements-e1a86a02b2baeac7cd5cf2dd987182bf\">Sfinansowano ze \u015brodk\u00f3w KWW Teraz Pabianice.<\/p>\n","protected":false},"excerpt":{"rendered":"<p>Siedziba komitetu mie\u015bci si\u0119 w Pabianicach (95-200), ul. Wsp\u00f3lna 26 c NIP 7312085263REGON 527794443 REJESTR WP\u0141AT OD JEDNEJ OSOBY FIZYCZNEJ PRZEKRACZAJ\u0104CYCH LIMIT: Na dzie\u0144 3 marca 2024 brak. Sfinansowano ze \u015brodk\u00f3w KWW Teraz Pabianice.<\/p>\n","protected":false},"author":1,"featured_media":0,"parent":0,"menu_order":0,"comment_status":"closed","ping_status":"open","template":"","meta":{"neve_meta_sidebar":"","neve_meta_container":"","neve_meta_enable_content_width":"","neve_meta_content_width":0,"neve_meta_title_alignment":"","neve_meta_author_avatar":"","neve_post_elements_order":"","neve_meta_disable_header":"","neve_meta_disable_footer":"","neve_meta_disable_title":"","_themeisle_gutenberg_block_has_review":false,"_kadence_starter_templates_imported_post":false,"_ti_tpc_template_sync":false,"_ti_tpc_template_id":"","footnotes":""},"class_list":["post-2","page","type-page","status-publish","hentry"],"_links":{"self":[{"href":"https:\/\/terazpabianice.org\/index.php?rest_route=\/wp\/v2\/pages\/2","targetHints":{"allow":["GET"]}}],"collection":[{"href":"https:\/\/terazpabianice.org\/index.php?rest_route=\/wp\/v2\/pages"}],"about":[{"href":"https:\/\/terazpabianice.org\/index.php?rest_route=\/wp\/v2\/types\/page"}],"author":[{"embeddable":true,"href":"https:\/\/terazpabianice.org\/index.php?rest_route=\/wp\/v2\/users\/1"}],"replies":[{"embeddable":true,"href":"https:\/\/terazpabianice.org\/index.php?rest_route=%2Fwp%2Fv2%2Fcomments&post=2"}],"version-history":[{"count":3,"href":"https:\/\/terazpabianice.org\/index.php?rest_route=\/wp\/v2\/pages\/2\/revisions"}],"predecessor-version":[{"id":571,"href":"https:\/\/terazpabianice.org\/index.php?rest_route=\/wp\/v2\/pages\/2\/revisions\/571"}],"wp:attachment":[{"href":"https:\/\/terazpabianice.org\/index.php?rest_route=%2Fwp%2Fv2%2Fmedia&parent=2"}],"curies":[{"name":"wp","href":"https:\/\/api.w.org\/{rel}","templated":true}]}}